{"id":579,"date":"2023-04-21T20:06:34","date_gmt":"2023-04-21T18:06:34","guid":{"rendered":"https:\/\/betterbirdlife.dk\/finanzierung\/"},"modified":"2023-04-21T20:06:34","modified_gmt":"2023-04-21T18:06:34","slug":"finanzierung","status":"publish","type":"page","link":"https:\/\/betterbirdlife.dk\/de\/finanzierung\/","title":{"rendered":"Finanzierung"},"content":{"rendered":"\n<p>Das Projekt hat ein Gesamtbudget von 62,7 Mio. DKK. Die Finanzierung erfolgt durch die 9 Partner mit Beitr\u00e4gen aus dem LIFE-Programm der EU in H\u00f6he von 32 Mio. DKK und 6 Mio. DKK an Beitr\u00e4gen der drei privaten Stiftungen A.P. M\u00f8ller und seine Frau Chastine McKinney M\u00f8ller&#8217;s Stiftung, die 15 Juni Stiftung und die Aage V. Jensen Natur Stiftung.<\/p>\n\n<div class=\"wp-block-image\"><figure class=\"aligncenter size-large\"><img loading=\"lazy\" decoding=\"async\" width=\"490\" height=\"159\" src=\"https:\/\/betterbirdlife.dk.linux7.dandomainserver.dk\/wp-content\/uploads\/2020\/08\/Fondslogoer_boks.png\" alt=\"\" class=\"wp-image-174\" srcset=\"https:\/\/betterbirdlife.dk\/wp-content\/uploads\/2020\/08\/Fondslogoer_boks.png 490w, https:\/\/betterbirdlife.dk\/wp-content\/uploads\/2020\/08\/Fondslogoer_boks-300x97.png 300w\" sizes=\"(max-width: 490px) 100vw, 490px\" \/><\/figure><\/div>\n\n<p><\/p>\n","protected":false},"excerpt":{"rendered":"<p>Das Projekt hat ein Gesamtbudget von 62,7 Mio. DKK. Die Finanzierung erfolgt durch die 9 Partner mit Beitr\u00e4gen aus dem LIFE-Programm der EU in H\u00f6he von 32 Mio. DKK und 6 Mio. DKK an Beitr\u00e4gen der drei privaten Stiftungen A.P. M\u00f8ller und seine Frau Chastine McKinney M\u00f8ller&#8217;s Stiftung, die 15 Juni Stiftung und die Aage&hellip;<\/p>\n","protected":false},"author":1,"featured_media":0,"parent":0,"menu_order":0,"comment_status":"closed","ping_status":"closed","template":"","meta":{"footnotes":""},"_links":{"self":[{"href":"https:\/\/betterbirdlife.dk\/de\/wp-json\/wp\/v2\/pages\/579"}],"collection":[{"href":"https:\/\/betterbirdlife.dk\/de\/wp-json\/wp\/v2\/pages"}],"about":[{"href":"https:\/\/betterbirdlife.dk\/de\/wp-json\/wp\/v2\/types\/page"}],"author":[{"embeddable":true,"href":"https:\/\/betterbirdlife.dk\/de\/wp-json\/wp\/v2\/users\/1"}],"replies":[{"embeddable":true,"href":"https:\/\/betterbirdlife.dk\/de\/wp-json\/wp\/v2\/comments?post=579"}],"version-history":[{"count":1,"href":"https:\/\/betterbirdlife.dk\/de\/wp-json\/wp\/v2\/pages\/579\/revisions"}],"predecessor-version":[{"id":580,"href":"https:\/\/betterbirdlife.dk\/de\/wp-json\/wp\/v2\/pages\/579\/revisions\/580"}],"wp:attachment":[{"href":"https:\/\/betterbirdlife.dk\/de\/wp-json\/wp\/v2\/media?parent=579"}],"curies":[{"name":"wp","href":"https:\/\/api.w.org\/{rel}","templated":true}]}}